{"id":21,"date":"2021-11-23T10:35:19","date_gmt":"2021-11-23T10:35:19","guid":{"rendered":"https:\/\/www.creany.org\/?page_id=21"},"modified":"2022-03-28T19:07:18","modified_gmt":"2022-03-28T19:07:18","slug":"about","status":"publish","type":"page","link":"https:\/\/www.creany.org\/es\/about\/","title":{"rendered":"ACERCA"},"content":{"rendered":"<p>[et_pb_section fb_built=&#8221;1&#8243; disabled_on=&#8221;on|on|off&#8221; _builder_version=&#8221;4.13.0&#8243; _module_preset=&#8221;default&#8221; background_image=&#8221;https:\/\/www.creany.org\/wp-content\/uploads\/2022\/02\/home-about.jpg&#8221; min_height=&#8221;550px&#8221; custom_margin=&#8221;||||false|false&#8221; box_shadow_style=&#8221;preset2&#8243; box_shadow_vertical=&#8221;10px&#8221; global_colors_info=&#8221;{}&#8221;][\/et_pb_section][et_pb_section fb_built=&#8221;1&#8243; fullwidth=&#8221;on&#8221; disabled_on=&#8221;off|off|on&#8221; _builder_version=&#8221;4.13.0&#8243; _module_preset=&#8221;default&#8221; global_colors_info=&#8221;{}&#8221;][et_pb_fullwidth_image src=&#8221;https:\/\/www.creany.org\/wp-content\/uploads\/2022\/02\/home-about-2-scaled.jpg&#8221; title_text=&#8221;home &#8211; about &#8211; 2&#8243; _builder_version=&#8221;4.13.0&#8243; _module_preset=&#8221;default&#8221; global_colors_info=&#8221;{}&#8221;][\/et_pb_fullwidth_image][\/et_pb_section][et_pb_section fb_built=&#8221;1&#8243; _builder_version=&#8221;4.13.0&#8243; _module_preset=&#8221;default&#8221; background_enable_color=&#8221;off&#8221; background_image=&#8221;https:\/\/www.creany.org\/wp-content\/uploads\/2021\/11\/CEREA-NY-homeage-pattern-light-gray.svg&#8221; custom_padding=&#8221;50px||50px||false|false&#8221; global_colors_info=&#8221;{}&#8221;][et_pb_row _builder_version=&#8221;4.13.0&#8243; _module_preset=&#8221;default&#8221; background_color=&#8221;#FFFFFF&#8221; global_colors_info=&#8221;{}&#8221;][et_pb_column type=&#8221;4_4&#8243; _builder_version=&#8221;4.13.0&#8243; _module_preset=&#8221;default&#8221; global_colors_info=&#8221;{}&#8221;][et_pb_text _builder_version=&#8221;4.13.0&#8243; _module_preset=&#8221;default&#8221; text_font=&#8221;Roboto Slab|700|||||||&#8221; text_text_color=&#8221;#E02B20&#8243; header_font=&#8221;|700|||||||&#8221; header_text_color=&#8221;#ba0f00&#8243; header_font_size=&#8221;36px&#8221; hover_enabled=&#8221;0&#8243; global_colors_info=&#8221;{}&#8221; sticky_enabled=&#8221;0&#8243;]<\/p>\n<h1 style=\"text-align: center;\"><span>About Us<\/span><\/h1>\n<p>[\/et_pb_text][\/et_pb_column][\/et_pb_row][et_pb_row _builder_version=&#8221;4.13.0&#8243; _module_preset=&#8221;default&#8221; background_color=&#8221;#FFFFFF&#8221; custom_margin=&#8221;0px||||false|false&#8221; custom_padding=&#8221;0px||3%||false|false&#8221; global_colors_info=&#8221;{}&#8221;][et_pb_column type=&#8221;4_4&#8243; _builder_version=&#8221;4.13.0&#8243; _module_preset=&#8221;default&#8221; global_colors_info=&#8221;{}&#8221;][et_pb_text _builder_version=&#8221;4.13.0&#8243; _module_preset=&#8221;default&#8221; header_font=&#8221;|600|||||||&#8221; header_text_align=&#8221;center&#8221; header_text_color=&#8221;#000000&#8243; header_font_size=&#8221;24px&#8221; header_line_height=&#8221;32px&#8221; header_2_font=&#8221;|600|||||||&#8221; header_2_text_align=&#8221;center&#8221; header_2_text_color=&#8221;#000000&#8243; header_2_font_size=&#8221;24px&#8221; header_2_line_height=&#8221;32px&#8221; header_3_font=&#8221;|600|||||||&#8221; header_3_text_align=&#8221;center&#8221; header_3_text_color=&#8221;#000000&#8243; header_3_font_size=&#8221;24px&#8221; header_3_line_height=&#8221;32px&#8221; header_4_font=&#8221;|600|||||||&#8221; header_4_text_align=&#8221;center&#8221; header_4_text_color=&#8221;#000000&#8243; header_4_font_size=&#8221;24px&#8221; header_4_line_height=&#8221;32px&#8221; header_5_font=&#8221;|600|||||||&#8221; header_5_text_align=&#8221;center&#8221; header_5_text_color=&#8221;#000000&#8243; header_5_font_size=&#8221;24px&#8221; header_5_line_height=&#8221;32px&#8221; header_6_font=&#8221;|600|||||||&#8221; header_6_text_align=&#8221;center&#8221; header_6_text_color=&#8221;#000000&#8243; header_6_font_size=&#8221;24px&#8221; header_6_line_height=&#8221;32px&#8221; text_orientation=&#8221;center&#8221; width=&#8221;77%&#8221; width_tablet=&#8221;99%&#8221; width_phone=&#8221;89%&#8221; width_last_edited=&#8221;on|phone&#8221; module_alignment=&#8221;center&#8221; hover_enabled=&#8221;0&#8243; global_colors_info=&#8221;{}&#8221; sticky_enabled=&#8221;0&#8243;]<\/p>\n<p>Centro de Recursos Educativos para Adultos, Inc. (CREA)\u2019s mission is to empower their students through education, provide a pathway to socio-economic mobility, and increase community engagement.<\/p>\n<p>&nbsp;<\/p>\n<h4><strong>Our Objectives<\/strong><\/h4>\n<ul>\n<li style=\"text-align: center;\">To offer Spanish-speaking people the opportunity to begin\/and or finish their education in their own language and provide them, once they reach the academic proficiency in Elementary and Middle School, with a certificate offered by the Public Education Secretary (SEP in Spanish) of the Mexican government.<\/li>\n<li style=\"text-align: center;\">To provide students with the opportunity to learn to read and write in a highly flexible and self paced format so they can access better jobs and reach their fullest potential. Students improve their Spanish and make English learning easier and improve education levels in the Mexican and Latin community.<\/li>\n<li style=\"text-align: center;\">Through basic adult education, enable parents to help and encourage their children with specific hands-on assistance with homework and other academic tasks. Children, in return, develop more respect for their parents.<\/li>\n<li style=\"text-align: center;\">To encourage participants to grow by studying for their high school diploma<\/li>\n<li style=\"text-align: center;\">To connect Latino immigrants to information and educational resources that enables them to succeed economically, including establishing their own business enhancing participation in the life of their community<\/li>\n<\/ul>\n<p>[\/et_pb_text][\/et_pb_column][\/et_pb_row][\/et_pb_section]<\/p>\n","protected":false},"excerpt":{"rendered":"<p>About UsCentro de Recursos Educativos para Adultos, Inc. (CREA)\u2019s mission is to empower their students through education, provide a pathway to socio-economic mobility, and increase community engagement. &nbsp; Our Objectives To offer Spanish-speaking people the opportunity to begin\/and or finish their education in their own language and provide them, once they reach the academic proficiency [&hellip;]<\/p>\n","protected":false},"author":2,"featured_media":0,"parent":0,"menu_order":0,"comment_status":"closed","ping_status":"closed","template":"","meta":{"_et_pb_use_builder":"on","_et_pb_old_content":"","_et_gb_content_width":"","inline_featured_image":false,"footnotes":""},"class_list":["post-21","page","type-page","status-publish","hentry"],"yoast_head":"<!-- This site is optimized with the Yoast SEO plugin v27.5 - https:\/\/yoast.com\/product\/yoast-seo-wordpress\/ -->\n<title>ABOUT - CREA NY<\/title>\n<meta name=\"description\" content=\"Centro de Recursos Educativos para Adultos, Inc. (CREA)\u2019s empowers students through education, pathways to socio-economic mobility and community engagement.\" \/>\n<meta name=\"robots\" content=\"index, follow, max-snippet:-1, max-image-preview:large, max-video-preview:-1\" \/>\n<link rel=\"canonical\" href=\"https:\/\/www.creany.org\/es\/about\/\" \/>\n<meta property=\"og:locale\" content=\"es_MX\" \/>\n<meta property=\"og:type\" content=\"article\" \/>\n<meta property=\"og:title\" content=\"ABOUT - CREA NY\" \/>\n<meta property=\"og:description\" content=\"Centro de Recursos Educativos para Adultos, Inc. (CREA)\u2019s empowers students through education, pathways to socio-economic mobility and community engagement.\" \/>\n<meta property=\"og:url\" content=\"https:\/\/www.creany.org\/es\/about\/\" \/>\n<meta property=\"og:site_name\" content=\"CREA NY\" \/>\n<meta property=\"article:modified_time\" content=\"2022-03-28T19:07:18+00:00\" \/>\n<meta property=\"og:image\" content=\"https:\/\/www.creany.org\/wp-content\/uploads\/2022\/03\/YOAST-Facebook-WebshareImage.png\" \/>\n\t<meta property=\"og:image:width\" content=\"600\" \/>\n\t<meta property=\"og:image:height\" content=\"315\" \/>\n\t<meta property=\"og:image:type\" content=\"image\/png\" \/>\n<meta name=\"twitter:card\" content=\"summary_large_image\" \/>\n<meta name=\"twitter:label1\" content=\"Tiempo de lectura\" \/>\n\t<meta name=\"twitter:data1\" content=\"3 minutos\" \/>\n<script type=\"application\/ld+json\" class=\"yoast-schema-graph\">{\"@context\":\"https:\\\/\\\/schema.org\",\"@graph\":[{\"@type\":\"WebPage\",\"@id\":\"https:\\\/\\\/www.creany.org\\\/about\\\/\",\"url\":\"https:\\\/\\\/www.creany.org\\\/about\\\/\",\"name\":\"ABOUT - CREA NY\",\"isPartOf\":{\"@id\":\"https:\\\/\\\/www.creany.org\\\/#website\"},\"datePublished\":\"2021-11-23T10:35:19+00:00\",\"dateModified\":\"2022-03-28T19:07:18+00:00\",\"description\":\"Centro de Recursos Educativos para Adultos, Inc. (CREA)\u2019s empowers students through education, pathways to socio-economic mobility and community engagement.\",\"breadcrumb\":{\"@id\":\"https:\\\/\\\/www.creany.org\\\/about\\\/#breadcrumb\"},\"inLanguage\":\"es\",\"potentialAction\":[{\"@type\":\"ReadAction\",\"target\":[\"https:\\\/\\\/www.creany.org\\\/about\\\/\"]}]},{\"@type\":\"BreadcrumbList\",\"@id\":\"https:\\\/\\\/www.creany.org\\\/about\\\/#breadcrumb\",\"itemListElement\":[{\"@type\":\"ListItem\",\"position\":1,\"name\":\"Home\",\"item\":\"https:\\\/\\\/www.creany.org\\\/\"},{\"@type\":\"ListItem\",\"position\":2,\"name\":\"ABOUT\"}]},{\"@type\":\"WebSite\",\"@id\":\"https:\\\/\\\/www.creany.org\\\/#website\",\"url\":\"https:\\\/\\\/www.creany.org\\\/\",\"name\":\"CREA NY\",\"description\":\"Centro de Recursos Educativos para Adultos\",\"publisher\":{\"@id\":\"https:\\\/\\\/www.creany.org\\\/#organization\"},\"potentialAction\":[{\"@type\":\"SearchAction\",\"target\":{\"@type\":\"EntryPoint\",\"urlTemplate\":\"https:\\\/\\\/www.creany.org\\\/?s={search_term_string}\"},\"query-input\":{\"@type\":\"PropertyValueSpecification\",\"valueRequired\":true,\"valueName\":\"search_term_string\"}}],\"inLanguage\":\"es\"},{\"@type\":\"Organization\",\"@id\":\"https:\\\/\\\/www.creany.org\\\/#organization\",\"name\":\"CREA NY\",\"url\":\"https:\\\/\\\/www.creany.org\\\/\",\"logo\":{\"@type\":\"ImageObject\",\"inLanguage\":\"es\",\"@id\":\"https:\\\/\\\/www.creany.org\\\/#\\\/schema\\\/logo\\\/image\\\/\",\"url\":\"https:\\\/\\\/www.creany.org\\\/wp-content\\\/uploads\\\/2021\\\/11\\\/crea-logo21.png\",\"contentUrl\":\"https:\\\/\\\/www.creany.org\\\/wp-content\\\/uploads\\\/2021\\\/11\\\/crea-logo21.png\",\"width\":97,\"height\":95,\"caption\":\"CREA NY\"},\"image\":{\"@id\":\"https:\\\/\\\/www.creany.org\\\/#\\\/schema\\\/logo\\\/image\\\/\"}}]}<\/script>\n<!-- \/ Yoast SEO plugin. -->","yoast_head_json":{"title":"ACERCA DE - CREA NY","description":"La misi\u00f3n del Centro de Recursos Educativos para Adultos, Inc. (CREA) es empoderar a sus estudiantes a trav\u00e9s de la educaci\u00f3n, proporcionar un camino hacia la movilidad socioecon\u00f3mica y aumentar la participaci\u00f3n comunitaria.","robots":{"index":"index","follow":"follow","max-snippet":"max-snippet:-1","max-image-preview":"max-image-preview:large","max-video-preview":"max-video-preview:-1"},"canonical":"https:\/\/www.creany.org\/es\/about\/","og_locale":"es_MX","og_type":"article","og_title":"ABOUT - CREA NY","og_description":"Centro de Recursos Educativos para Adultos, Inc. (CREA)\u2019s empowers students through education, pathways to socio-economic mobility and community engagement.","og_url":"https:\/\/www.creany.org\/es\/about\/","og_site_name":"CREA NY","article_modified_time":"2022-03-28T19:07:18+00:00","og_image":[{"width":600,"height":315,"url":"https:\/\/www.creany.org\/wp-content\/uploads\/2022\/03\/YOAST-Facebook-WebshareImage.png","type":"image\/png"}],"twitter_card":"summary_large_image","twitter_misc":{"Tiempo de lectura":"3 minutos"},"schema":{"@context":"https:\/\/schema.org","@graph":[{"@type":"WebPage","@id":"https:\/\/www.creany.org\/about\/","url":"https:\/\/www.creany.org\/about\/","name":"ACERCA DE - CREA NY","isPartOf":{"@id":"https:\/\/www.creany.org\/#website"},"datePublished":"2021-11-23T10:35:19+00:00","dateModified":"2022-03-28T19:07:18+00:00","description":"La misi\u00f3n del Centro de Recursos Educativos para Adultos, Inc. (CREA) es empoderar a sus estudiantes a trav\u00e9s de la educaci\u00f3n, proporcionar un camino hacia la movilidad socioecon\u00f3mica y aumentar la participaci\u00f3n comunitaria.","breadcrumb":{"@id":"https:\/\/www.creany.org\/about\/#breadcrumb"},"inLanguage":"es","potentialAction":[{"@type":"ReadAction","target":["https:\/\/www.creany.org\/about\/"]}]},{"@type":"BreadcrumbList","@id":"https:\/\/www.creany.org\/about\/#breadcrumb","itemListElement":[{"@type":"ListItem","position":1,"name":"Home","item":"https:\/\/www.creany.org\/"},{"@type":"ListItem","position":2,"name":"ABOUT"}]},{"@type":"WebSite","@id":"https:\/\/www.creany.org\/#website","url":"https:\/\/www.creany.org\/","name":"CREA NY","description":"Centro de Recursos Educativos para Adultos","publisher":{"@id":"https:\/\/www.creany.org\/#organization"},"potentialAction":[{"@type":"SearchAction","target":{"@type":"EntryPoint","urlTemplate":"https:\/\/www.creany.org\/?s={search_term_string}"},"query-input":{"@type":"PropertyValueSpecification","valueRequired":true,"valueName":"search_term_string"}}],"inLanguage":"es"},{"@type":"Organization","@id":"https:\/\/www.creany.org\/#organization","name":"CREA NY","url":"https:\/\/www.creany.org\/","logo":{"@type":"ImageObject","inLanguage":"es","@id":"https:\/\/www.creany.org\/#\/schema\/logo\/image\/","url":"https:\/\/www.creany.org\/wp-content\/uploads\/2021\/11\/crea-logo21.png","contentUrl":"https:\/\/www.creany.org\/wp-content\/uploads\/2021\/11\/crea-logo21.png","width":97,"height":95,"caption":"CREA NY"},"image":{"@id":"https:\/\/www.creany.org\/#\/schema\/logo\/image\/"}}]}},"_links":{"self":[{"href":"https:\/\/www.creany.org\/es\/wp-json\/wp\/v2\/pages\/21","targetHints":{"allow":["GET"]}}],"collection":[{"href":"https:\/\/www.creany.org\/es\/wp-json\/wp\/v2\/pages"}],"about":[{"href":"https:\/\/www.creany.org\/es\/wp-json\/wp\/v2\/types\/page"}],"author":[{"embeddable":true,"href":"https:\/\/www.creany.org\/es\/wp-json\/wp\/v2\/users\/2"}],"replies":[{"embeddable":true,"href":"https:\/\/www.creany.org\/es\/wp-json\/wp\/v2\/comments?post=21"}],"version-history":[{"count":7,"href":"https:\/\/www.creany.org\/es\/wp-json\/wp\/v2\/pages\/21\/revisions"}],"predecessor-version":[{"id":4823,"href":"https:\/\/www.creany.org\/es\/wp-json\/wp\/v2\/pages\/21\/revisions\/4823"}],"wp:attachment":[{"href":"https:\/\/www.creany.org\/es\/wp-json\/wp\/v2\/media?parent=21"}],"curies":[{"name":"wp","href":"https:\/\/api.w.org\/{rel}","templated":true}]}}